{"id":2580,"date":"2025-03-25T15:48:17","date_gmt":"2025-03-25T14:48:17","guid":{"rendered":"https:\/\/www.bigbangballers.fr\/?page_id=2580"},"modified":"2025-10-06T15:05:25","modified_gmt":"2025-10-06T13:05:25","slug":"politique-de-confidentialite","status":"publish","type":"page","link":"https:\/\/www.bigbangballers.fr\/index.php\/politique-de-confidentialite\/","title":{"rendered":"Politique de confidentialit\u00e9"},"content":{"rendered":"\t\t<div data-elementor-type=\"wp-page\" data-elementor-id=\"2580\" class=\"elementor elementor-2580\" data-elementor-post-type=\"page\">\n\t\t\t\t<div class=\"elementor-element elementor-element-8462f78 e-flex e-con-boxed e-con e-parent\" data-id=\"8462f78\" data-element_type=\"container\" data-e-type=\"container\" data-settings=\"{&quot;background_background&quot;:&quot;classic&quot;}\">\n\t\t\t\t\t<div class=\"e-con-inner\">\n\t\t\t\t<div class=\"elementor-element elementor-element-4de1d40 elementor-icon-list--layout-traditional elementor-list-item-link-full_width elementor-invisible elementor-widget elementor-widget-icon-list\" data-id=\"4de1d40\" data-element_type=\"widget\" data-e-type=\"widget\" data-settings=\"{&quot;_animation&quot;:&quot;fadeIn&quot;}\" data-widget_type=\"icon-list.default\">\n\t\t\t\t<div class=\"elementor-widget-container\">\n\t\t\t\t\t\t\t<ul class=\"elementor-icon-list-items\">\n\t\t\t\t\t\t\t<li class=\"elementor-icon-list-item\">\n\t\t\t\t\t\t\t\t\t\t\t<span class=\"elementor-icon-list-icon\">\n\t\t\t\t\t\t\t<svg xmlns=\"http:\/\/www.w3.org\/2000\/svg\" id=\"Calque_2\" viewBox=\"0 0 477.84 477.44\"><defs><style>.cls-1{fill:#fff;}<\/style><\/defs><g id=\"Calque_1-2\"><g><path class=\"cls-1\" d=\"M223.04,0c10.58,0,21.15,0,31.73,0,1.35,.3,2.68,.7,4.05,.89,8.15,1.08,16.4,1.64,24.44,3.23,58.55,11.57,106.79,40.55,143.55,87.54,41.58,53.17,57.38,113.83,48.75,180.62-4.56,35.28-16.51,68.27-36.87,97.5-56.6,81.27-134.76,117.06-233.01,105.58-56.28-6.58-103.75-32.78-142.31-74.39-31.6-34.1-51.56-74.18-59.64-120.04-1.52-8.66-2.51-17.42-3.74-26.14,0-10.58,0-21.15,0-31.73,.71-5.81,1.29-11.64,2.16-17.43C10.61,149.57,35.25,101.93,76.85,63.39,111.07,31.69,151.27,11.67,197.31,3.68,205.85,2.2,214.47,1.22,223.04,0Zm14.3,461.53c19.83,1.6,58.24-5.38,81.14-14.53,54.06-21.61,94.41-58.15,120.55-110.3,1.71-3.41,1.55-5.23-1.33-7.8-18.27-16.31-34.71-34.3-48.73-54.42-15.24-21.87-26.66-45.46-32.04-71.72-1.33-6.48-2.06-13.08-3.26-20.89-24.5,3.85-48.75,7.67-73.33,11.54,10.69,94.2-8.09,182.44-43.01,268.12Zm-17.22-.67c35.18-84.13,54.42-170.66,44.28-262.53-1.8,.36-3.02,.51-4.18,.85-15.17,4.4-30.35,8.76-45.49,13.28-8.89,2.65-8.83,2.77-8.6,11.77,.84,32.23-6.87,62.73-19.02,92.25-15.94,38.75-38.36,73.71-63.42,107.08-.98,1.3-1.84,2.68-2.86,4.16,30.66,19.04,63.42,29.94,99.28,33.13ZM77.79,84.87C27.81,140,8.33,203.8,19.37,277.91c54.9-29.08,110.75-53.53,168.33-74.14-3.44-18.78-10.41-35.37-20.79-50.52-22.14-32.3-53.75-52.29-89.12-68.38Zm111.73,136.05c-1.36,.46-2.08,.67-2.78,.94-20.92,8.2-42.17,15.64-62.67,24.78-32.84,14.64-65.17,30.43-97.74,45.66-2.56,1.2-3.41,2.39-2.3,5.33,2.12,5.64,3.5,11.56,5.56,17.23,10.49,28.82,26.18,54.55,47.38,76.68,9.27,9.68,19.68,18.26,30.08,27.8,9.79-13.91,19.16-26.48,27.75-39.57,22.42-34.14,41.31-69.98,50.5-110.21,3.61-15.79,5.42-31.76,4.22-48.65ZM215.75,17.07c32.59,49.7,53.01,102.98,62.19,159.85,25.66-3.82,50.48-7.53,75.94-11.32,1.15-16.12,4.33-32.5,10.05-48.34,5.71-15.81,13.63-30.47,23.69-44.46-49.49-42.27-106.08-60.99-171.87-55.74Zm-12.5,180.99c19.84-5.69,39.27-11.26,58.92-16.89-1.32-7.37-2.39-14.72-3.97-21.97-10.64-48.86-29.67-94.18-57.56-135.75-1.71-2.54-3.22-3.56-6.33-2.89-34.09,7.26-64.96,21.42-92.47,42.85-3.72,2.9-7.25,6.03-11.27,9.39,54.88,26.74,98.42,62.59,112.68,125.26Zm244.51,118.33c7.49-20.08,11.81-40.31,13.34-61.14,1.48-20.11,.13-40.03-3.68-59.82-.58-3.03-1.56-4.64-4.76-5.16-7.38-1.2-23.11-5.02-39.06-6.63-18.41-1.85-37.11-1.42-43.61-1.42,5.76,56.5,38.4,96.96,77.77,134.18Zm4.03-143.25c-10.87-34.12-28.15-63.3-52.59-88.69-17.36,24.55-27.17,51.12-29.29,81.09,0,0,12.69-1.37,38.9,.61s42.97,6.99,42.97,6.99Z\"><\/path><path class=\"cls-1\" d=\"M162.31,402.13c.84,.14,2.11,.2,3.27,.58,7.94,2.6,15.88,5.18,23.76,7.95,5.24,1.84,7.35,5.94,5.73,10.47-1.52,4.28-5.74,6.3-10.64,4.76-8.27-2.6-16.52-5.26-24.68-8.15-4.42-1.57-6.65-5.55-5.58-9.52,1.03-3.83,3.6-6.05,8.14-6.1Z\"><\/path><path class=\"cls-1\" d=\"M42.86,199.4c2.07-32.09,13.86-60.61,35.55-85.01,3.5-3.94,8.01-4.33,11.59-1.38,3.46,2.86,3.66,7.29,.72,11.63-6.58,9.74-13.88,19.11-19.43,29.41-8.34,15.49-11.61,32.58-12.54,50.11-.28,5.26-4.01,8.84-8.52,8.5-4.5-.33-7.37-3.85-7.37-9.06,0-1.24,0-2.48,0-4.22Z\"><\/path><path class=\"cls-1\" d=\"M118.55,373.71c-.03,8.69-6.64,12.13-12.75,8.49-12.19-7.25-22.42-16.67-30.46-28.37-7.1-10.33-12.09-21.61-14.76-33.9-1.36-6.26,.63-10.68,5.61-11.81,4.64-1.05,8.72,1.94,10.06,8,2.88,13,8.24,24.88,17.26,34.57,5.96,6.41,13.34,11.5,19.94,17.34,2.27,2.01,4.09,4.52,5.1,5.66Z\"><\/path><\/g><\/g><\/svg>\t\t\t\t\t\t<\/span>\n\t\t\t\t\t\t\t\t\t\t<span class=\"elementor-icon-list-text\">Association d\u2019\u00e9ducation &amp; d\u2019inclusion par le sport<\/span>\n\t\t\t\t\t\t\t\t\t<\/li>\n\t\t\t\t\t\t<\/ul>\n\t\t\t\t\t\t<\/div>\n\t\t\t\t<\/div>\n\t\t\t\t<div class=\"elementor-element elementor-element-276e5ee elementor-widget elementor-widget-heading\" data-id=\"276e5ee\" data-element_type=\"widget\" data-e-type=\"widget\" data-widget_type=\"heading.default\">\n\t\t\t\t<div class=\"elementor-widget-container\">\n\t\t\t\t\t<h2 class=\"elementor-heading-title elementor-size-default\">Politique de confidentialit\u00e9<\/h2>\t\t\t\t<\/div>\n\t\t\t\t<\/div>\n\t\t\t\t<div class=\"elementor-element elementor-element-722fed4 elementor-widget-divider--separator-type-pattern elementor-widget-divider--view-line elementor-invisible elementor-widget elementor-widget-divider\" data-id=\"722fed4\" data-element_type=\"widget\" data-e-type=\"widget\" data-settings=\"{&quot;_animation&quot;:&quot;fadeInDown&quot;}\" data-widget_type=\"divider.default\">\n\t\t\t\t<div class=\"elementor-widget-container\">\n\t\t\t\t\t\t\t<div class=\"elementor-divider\" style=\"--divider-pattern-url: url(&quot;data:image\/svg+xml,%3Csvg xmlns=&#039;http:\/\/www.w3.org\/2000\/svg&#039; preserveAspectRatio=&#039;none&#039; overflow=&#039;visible&#039; height=&#039;100%&#039; viewBox=&#039;0 0 20 16&#039; fill=&#039;none&#039; stroke=&#039;black&#039; stroke-width=&#039;1&#039; stroke-linecap=&#039;square&#039; stroke-miterlimit=&#039;10&#039;%3E%3Cg transform=&#039;translate(-12.000000, 0)&#039;%3E%3Cpath d=&#039;M28,0L10,18&#039;\/%3E%3Cpath d=&#039;M18,0L0,18&#039;\/%3E%3Cpath d=&#039;M48,0L30,18&#039;\/%3E%3Cpath d=&#039;M38,0L20,18&#039;\/%3E%3C\/g%3E%3C\/svg%3E&quot;);\">\n\t\t\t<span class=\"elementor-divider-separator\">\n\t\t\t\t\t\t<\/span>\n\t\t<\/div>\n\t\t\t\t\t\t<\/div>\n\t\t\t\t<\/div>\n\t\t\t\t<div class=\"elementor-element elementor-element-4de4b03 elementor-widget__width-initial elementor-invisible elementor-widget elementor-widget-text-editor\" data-id=\"4de4b03\" data-element_type=\"widget\" data-e-type=\"widget\" data-settings=\"{&quot;_animation&quot;:&quot;fadeInDown&quot;}\" data-widget_type=\"text-editor.default\">\n\t\t\t\t<div class=\"elementor-widget-container\">\n\t\t\t\t\t\t\t\t\t<p>Bienvenue sur la page de notre politique de confidentialit\u00e9 ! Ici, on vous explique comment sont trait\u00e9es vos donn\u00e9es et quels sont vos droits. Transparence et protection de votre vie priv\u00e9e sont nos priorit\u00e9s !<\/p>\t\t\t\t\t\t\t\t<\/div>\n\t\t\t\t<\/div>\n\t\t\t\t\t<\/div>\n\t\t\t\t<\/div>\n\t\t<div class=\"elementor-element elementor-element-c4393be e-flex e-con-boxed e-con e-parent\" data-id=\"c4393be\" data-element_type=\"container\" data-e-type=\"container\">\n\t\t\t\t\t<div class=\"e-con-inner\">\n\t\t\t\t<div class=\"elementor-element elementor-element-7efe4fc elementor-widget elementor-widget-text-editor\" data-id=\"7efe4fc\" data-element_type=\"widget\" data-e-type=\"widget\" data-widget_type=\"text-editor.default\">\n\t\t\t\t<div class=\"elementor-widget-container\">\n\t\t\t\t\t\t\t\t\t<h2>Qui sommes-nous ?<\/h2><p>L\u2019adresse de notre site est <strong><a href=\"https:\/\/bigbangballers.fr\/\">https:\/\/bigbangballers.fr<\/a><\/strong>.<br \/>Le site est actuellement g\u00e9r\u00e9 par <strong>J\u00e9r\u00e9mie Chorgnon<\/strong> (alternant jusqu\u2019au 31 ao\u00fbt 2026), puis par <strong>Rapha\u00ebl Rossato<\/strong> (coordinateur), et par l&rsquo;\u00e9quipe des big bang ballers en g\u00e9n\u00e9ral.<\/p><h2>Formulaire de contact<\/h2><p>Lorsque vous remplissez un formulaire de contact sur notre site, nous collectons les informations suivantes :<\/p><ul><li><p>Nom et pr\u00e9nom<\/p><\/li><li><p>Adresse e-mail<\/p><\/li><li><p>Num\u00e9ro de t\u00e9l\u00e9phone<\/p><\/li><li><p>Message que vous nous envoyez<\/p><\/li><\/ul><p>Ces donn\u00e9es sont utilis\u00e9es uniquement pour r\u00e9pondre \u00e0 votre demande et ne sont pas transmises \u00e0 des tiers sans votre consentement. Elles sont conserv\u00e9es pendant une dur\u00e9e maximale de <strong>12 mois<\/strong>.<\/p><h2>Contenu embarqu\u00e9 depuis d\u2019autres sites<\/h2><p>Les articles de ce site peuvent inclure des contenus int\u00e9gr\u00e9s (vid\u00e9os, images, articles\u2026). Ces contenus se comportent comme si le visiteur naviguait directement sur le site source, qui peut collecter des donn\u00e9es, utiliser des cookies et suivre votre interaction avec ces contenus.<\/p><h2>Dur\u00e9es de stockage de vos donn\u00e9es<\/h2><ul><li><p><strong>Formulaires de contact<\/strong> : les donn\u00e9es sont conserv\u00e9es pendant <strong>12 mois<\/strong> pour assurer le suivi de votre demande.<\/p><\/li><\/ul><h2>Vos droits sur vos donn\u00e9es<\/h2><p>Si vous avez envoy\u00e9 un message via le formulaire de contact, vous pouvez demander un fichier contenant toutes les donn\u00e9es personnelles que nous poss\u00e9dons sur vous. Vous pouvez aussi demander leur suppression, sauf celles conserv\u00e9es pour des raisons administratives, l\u00e9gales ou de s\u00e9curit\u00e9.<\/p><p>Pour toute demande, contactez-nous \u00e0 \u00a0<strong><a href=\"mailto:contact@bigbangballers.fr\">contact@bigbangballers.fr<\/a><\/strong>.<\/p><h2>O\u00f9 vos donn\u00e9es sont envoy\u00e9es<\/h2><p>Le site utilise <strong>HelloAsso<\/strong> pour la gestion des paiements et dons. Les donn\u00e9es peuvent \u00eatre trait\u00e9es par cet outil selon leurs propres conditions de confidentialit\u00e9.<\/p>\t\t\t\t\t\t\t\t<\/div>\n\t\t\t\t<\/div>\n\t\t\t\t\t<\/div>\n\t\t\t\t<\/div>\n\t\t\t\t<\/div>\n\t\t","protected":false},"excerpt":{"rendered":"<p>Association d\u2019\u00e9ducation &amp; d\u2019inclusion par le sport Politique de confidentialit\u00e9 Bienvenue sur la page de notre politique de confidentialit\u00e9 ! Ici, on vous explique comment sont trait\u00e9es vos donn\u00e9es et quels sont vos droits. Transparence et protection de votre vie priv\u00e9e sont nos priorit\u00e9s ! Qui sommes-nous ? L\u2019adresse de notre site est https:\/\/bigbangballers.fr.Le site [&hellip;]<\/p>\n","protected":false},"author":3,"featured_media":0,"parent":0,"menu_order":0,"comment_status":"closed","ping_status":"closed","template":"","meta":{"site-sidebar-layout":"no-sidebar","site-content-layout":"page-builder","ast-site-content-layout":"full-width-container","site-content-style":"default","site-sidebar-style":"default","ast-global-header-display":"","ast-banner-title-visibility":"","ast-main-header-display":"","ast-hfb-above-header-display":"","ast-hfb-below-header-display":"","ast-hfb-mobile-header-display":"","site-post-title":"disabled","ast-breadcrumbs-content":"","ast-featured-img":"disabled","footer-sml-layout":"","ast-disable-related-posts":"","theme-transparent-header-meta":"","adv-header-id-meta":"","stick-header-meta":"","header-above-stick-meta":"","header-main-stick-meta":"","header-below-stick-meta":"","astra-migrate-meta-layouts":"set","ast-page-background-enabled":"default","ast-page-background-meta":{"desktop":{"background-color":"var(--ast-global-color-4)","background-image":"","background-repeat":"repeat","background-position":"center center","background-size":"auto","background-attachment":"scroll","background-type":"","background-media":"","overlay-type":"","overlay-color":"","overlay-opacity":"","overlay-gradient":""},"tablet":{"background-color":"","background-image":"","background-repeat":"repeat","background-position":"center center","background-size":"auto","background-attachment":"scroll","background-type":"","background-media":"","overlay-type":"","overlay-color":"","overlay-opacity":"","overlay-gradient":""},"mobile":{"background-color":"","background-image":"","background-repeat":"repeat","background-position":"center center","background-size":"auto","background-attachment":"scroll","background-type":"","background-media":"","overlay-type":"","overlay-color":"","overlay-opacity":"","overlay-gradient":""}},"ast-content-background-meta":{"desktop":{"background-color":"var(--ast-global-color-5)","background-image":"","background-repeat":"repeat","background-position":"center center","background-size":"auto","background-attachment":"scroll","background-type":"","background-media":"","overlay-type":"","overlay-color":"","overlay-opacity":"","overlay-gradient":""},"tablet":{"background-color":"var(--ast-global-color-5)","background-image":"","background-repeat":"repeat","background-position":"center center","background-size":"auto","background-attachment":"scroll","background-type":"","background-media":"","overlay-type":"","overlay-color":"","overlay-opacity":"","overlay-gradient":""},"mobile":{"background-color":"var(--ast-global-color-5)","background-image":"","background-repeat":"repeat","background-position":"center center","background-size":"auto","background-attachment":"scroll","background-type":"","background-media":"","overlay-type":"","overlay-color":"","overlay-opacity":"","overlay-gradient":""}},"footnotes":""},"class_list":["post-2580","page","type-page","status-publish","hentry"],"yoast_head":"<!-- This site is optimized with the Yoast SEO plugin v27.5 - https:\/\/yoast.com\/product\/yoast-seo-wordpress\/ -->\n<title>Politique de confidentialit\u00e9 - Big Bang Ballers<\/title>\n<meta name=\"robots\" content=\"index, follow, max-snippet:-1, max-image-preview:large, max-video-preview:-1\" \/>\n<link rel=\"canonical\" href=\"https:\/\/www.bigbangballers.fr\/index.php\/politique-de-confidentialite\/\" \/>\n<meta property=\"og:locale\" content=\"fr_FR\" \/>\n<meta property=\"og:type\" content=\"article\" \/>\n<meta property=\"og:title\" content=\"Politique de confidentialit\u00e9 - Big Bang Ballers\" \/>\n<meta property=\"og:description\" content=\"Association d\u2019\u00e9ducation &amp; d\u2019inclusion par le sport Politique de confidentialit\u00e9 Bienvenue sur la page de notre politique de confidentialit\u00e9 ! Ici, on vous explique comment sont trait\u00e9es vos donn\u00e9es et quels sont vos droits. Transparence et protection de votre vie priv\u00e9e sont nos priorit\u00e9s ! Qui sommes-nous ? L\u2019adresse de notre site est https:\/\/bigbangballers.fr.Le site [&hellip;]\" \/>\n<meta property=\"og:url\" content=\"https:\/\/www.bigbangballers.fr\/index.php\/politique-de-confidentialite\/\" \/>\n<meta property=\"og:site_name\" content=\"Big Bang Ballers\" \/>\n<meta property=\"article:modified_time\" content=\"2025-10-06T13:05:25+00:00\" \/>\n<meta name=\"twitter:card\" content=\"summary_large_image\" \/>\n<meta name=\"twitter:label1\" content=\"Dur\u00e9e de lecture estim\u00e9e\" \/>\n\t<meta name=\"twitter:data1\" content=\"2 minutes\" \/>\n<script type=\"application\/ld+json\" class=\"yoast-schema-graph\">{\"@context\":\"https:\\\/\\\/schema.org\",\"@graph\":[{\"@type\":\"WebPage\",\"@id\":\"https:\\\/\\\/www.bigbangballers.fr\\\/index.php\\\/politique-de-confidentialite\\\/\",\"url\":\"https:\\\/\\\/www.bigbangballers.fr\\\/index.php\\\/politique-de-confidentialite\\\/\",\"name\":\"Politique de confidentialit\u00e9 - Big Bang Ballers\",\"isPartOf\":{\"@id\":\"https:\\\/\\\/www.bigbangballers.fr\\\/#website\"},\"datePublished\":\"2025-03-25T14:48:17+00:00\",\"dateModified\":\"2025-10-06T13:05:25+00:00\",\"breadcrumb\":{\"@id\":\"https:\\\/\\\/www.bigbangballers.fr\\\/index.php\\\/politique-de-confidentialite\\\/#breadcrumb\"},\"inLanguage\":\"fr-FR\",\"potentialAction\":[{\"@type\":\"ReadAction\",\"target\":[\"https:\\\/\\\/www.bigbangballers.fr\\\/index.php\\\/politique-de-confidentialite\\\/\"]}]},{\"@type\":\"BreadcrumbList\",\"@id\":\"https:\\\/\\\/www.bigbangballers.fr\\\/index.php\\\/politique-de-confidentialite\\\/#breadcrumb\",\"itemListElement\":[{\"@type\":\"ListItem\",\"position\":1,\"name\":\"Accueil\",\"item\":\"https:\\\/\\\/www.bigbangballers.fr\\\/\"},{\"@type\":\"ListItem\",\"position\":2,\"name\":\"Politique de confidentialit\u00e9\"}]},{\"@type\":\"WebSite\",\"@id\":\"https:\\\/\\\/www.bigbangballers.fr\\\/#website\",\"url\":\"https:\\\/\\\/www.bigbangballers.fr\\\/\",\"name\":\"Big Bang Ballers\",\"description\":\"Jouer ensemble pour vivre ensemble - Association d\u2019\u00e9ducation &amp; d\u2019inclusion par le sport\",\"publisher\":{\"@id\":\"https:\\\/\\\/www.bigbangballers.fr\\\/#organization\"},\"potentialAction\":[{\"@type\":\"SearchAction\",\"target\":{\"@type\":\"EntryPoint\",\"urlTemplate\":\"https:\\\/\\\/www.bigbangballers.fr\\\/?s={search_term_string}\"},\"query-input\":{\"@type\":\"PropertyValueSpecification\",\"valueRequired\":true,\"valueName\":\"search_term_string\"}}],\"inLanguage\":\"fr-FR\"},{\"@type\":\"Organization\",\"@id\":\"https:\\\/\\\/www.bigbangballers.fr\\\/#organization\",\"name\":\"Big Bang Ballers\",\"url\":\"https:\\\/\\\/www.bigbangballers.fr\\\/\",\"logo\":{\"@type\":\"ImageObject\",\"inLanguage\":\"fr-FR\",\"@id\":\"https:\\\/\\\/www.bigbangballers.fr\\\/#\\\/schema\\\/logo\\\/image\\\/\",\"url\":\"https:\\\/\\\/www.bigbangballers.fr\\\/wp-content\\\/uploads\\\/2025\\\/03\\\/Logo_BBB-FT_Bla.png\",\"contentUrl\":\"https:\\\/\\\/www.bigbangballers.fr\\\/wp-content\\\/uploads\\\/2025\\\/03\\\/Logo_BBB-FT_Bla.png\",\"width\":2000,\"height\":2000,\"caption\":\"Big Bang Ballers\"},\"image\":{\"@id\":\"https:\\\/\\\/www.bigbangballers.fr\\\/#\\\/schema\\\/logo\\\/image\\\/\"}}]}<\/script>\n<!-- \/ Yoast SEO plugin. -->","yoast_head_json":{"title":"Politique de confidentialit\u00e9 - Big Bang Ballers","robots":{"index":"index","follow":"follow","max-snippet":"max-snippet:-1","max-image-preview":"max-image-preview:large","max-video-preview":"max-video-preview:-1"},"canonical":"https:\/\/www.bigbangballers.fr\/index.php\/politique-de-confidentialite\/","og_locale":"fr_FR","og_type":"article","og_title":"Politique de confidentialit\u00e9 - Big Bang Ballers","og_description":"Association d\u2019\u00e9ducation &amp; d\u2019inclusion par le sport Politique de confidentialit\u00e9 Bienvenue sur la page de notre politique de confidentialit\u00e9 ! Ici, on vous explique comment sont trait\u00e9es vos donn\u00e9es et quels sont vos droits. Transparence et protection de votre vie priv\u00e9e sont nos priorit\u00e9s ! Qui sommes-nous ? L\u2019adresse de notre site est https:\/\/bigbangballers.fr.Le site [&hellip;]","og_url":"https:\/\/www.bigbangballers.fr\/index.php\/politique-de-confidentialite\/","og_site_name":"Big Bang Ballers","article_modified_time":"2025-10-06T13:05:25+00:00","twitter_card":"summary_large_image","twitter_misc":{"Dur\u00e9e de lecture estim\u00e9e":"2 minutes"},"schema":{"@context":"https:\/\/schema.org","@graph":[{"@type":"WebPage","@id":"https:\/\/www.bigbangballers.fr\/index.php\/politique-de-confidentialite\/","url":"https:\/\/www.bigbangballers.fr\/index.php\/politique-de-confidentialite\/","name":"Politique de confidentialit\u00e9 - Big Bang Ballers","isPartOf":{"@id":"https:\/\/www.bigbangballers.fr\/#website"},"datePublished":"2025-03-25T14:48:17+00:00","dateModified":"2025-10-06T13:05:25+00:00","breadcrumb":{"@id":"https:\/\/www.bigbangballers.fr\/index.php\/politique-de-confidentialite\/#breadcrumb"},"inLanguage":"fr-FR","potentialAction":[{"@type":"ReadAction","target":["https:\/\/www.bigbangballers.fr\/index.php\/politique-de-confidentialite\/"]}]},{"@type":"BreadcrumbList","@id":"https:\/\/www.bigbangballers.fr\/index.php\/politique-de-confidentialite\/#breadcrumb","itemListElement":[{"@type":"ListItem","position":1,"name":"Accueil","item":"https:\/\/www.bigbangballers.fr\/"},{"@type":"ListItem","position":2,"name":"Politique de confidentialit\u00e9"}]},{"@type":"WebSite","@id":"https:\/\/www.bigbangballers.fr\/#website","url":"https:\/\/www.bigbangballers.fr\/","name":"Big Bang Ballers","description":"Jouer ensemble pour vivre ensemble - Association d\u2019\u00e9ducation &amp; d\u2019inclusion par le sport","publisher":{"@id":"https:\/\/www.bigbangballers.fr\/#organization"},"potentialAction":[{"@type":"SearchAction","target":{"@type":"EntryPoint","urlTemplate":"https:\/\/www.bigbangballers.fr\/?s={search_term_string}"},"query-input":{"@type":"PropertyValueSpecification","valueRequired":true,"valueName":"search_term_string"}}],"inLanguage":"fr-FR"},{"@type":"Organization","@id":"https:\/\/www.bigbangballers.fr\/#organization","name":"Big Bang Ballers","url":"https:\/\/www.bigbangballers.fr\/","logo":{"@type":"ImageObject","inLanguage":"fr-FR","@id":"https:\/\/www.bigbangballers.fr\/#\/schema\/logo\/image\/","url":"https:\/\/www.bigbangballers.fr\/wp-content\/uploads\/2025\/03\/Logo_BBB-FT_Bla.png","contentUrl":"https:\/\/www.bigbangballers.fr\/wp-content\/uploads\/2025\/03\/Logo_BBB-FT_Bla.png","width":2000,"height":2000,"caption":"Big Bang Ballers"},"image":{"@id":"https:\/\/www.bigbangballers.fr\/#\/schema\/logo\/image\/"}}]}},"_links":{"self":[{"href":"https:\/\/www.bigbangballers.fr\/index.php\/wp-json\/wp\/v2\/pages\/2580","targetHints":{"allow":["GET"]}}],"collection":[{"href":"https:\/\/www.bigbangballers.fr\/index.php\/wp-json\/wp\/v2\/pages"}],"about":[{"href":"https:\/\/www.bigbangballers.fr\/index.php\/wp-json\/wp\/v2\/types\/page"}],"author":[{"embeddable":true,"href":"https:\/\/www.bigbangballers.fr\/index.php\/wp-json\/wp\/v2\/users\/3"}],"replies":[{"embeddable":true,"href":"https:\/\/www.bigbangballers.fr\/index.php\/wp-json\/wp\/v2\/comments?post=2580"}],"version-history":[{"count":0,"href":"https:\/\/www.bigbangballers.fr\/index.php\/wp-json\/wp\/v2\/pages\/2580\/revisions"}],"wp:attachment":[{"href":"https:\/\/www.bigbangballers.fr\/index.php\/wp-json\/wp\/v2\/media?parent=2580"}],"curies":[{"name":"wp","href":"https:\/\/api.w.org\/{rel}","templated":true}]}}